{"id":75,"date":"2026-03-12T18:18:31","date_gmt":"2026-03-12T18:18:31","guid":{"rendered":"https:\/\/nkstampedo.hr\/?page_id=75"},"modified":"2026-03-12T18:27:12","modified_gmt":"2026-03-12T18:27:12","slug":"prezentacija-kluba","status":"publish","type":"page","link":"https:\/\/nkstampedo.hr\/index.php\/prezentacija-kluba\/","title":{"rendered":"Prezentacija kluba"},"content":{"rendered":"\n<div class=\"wp-block-file\"><a id=\"wp-block-file--media-a2e37dea-d030-433d-8a65-1ef0cae8f1e1\" href=\"https:\/\/nkstampedo.hr\/wp-content\/uploads\/2026\/03\/NK-Stampedo-prezentacija.pptx\">NK Stampedo prezentacija<\/a><a href=\"https:\/\/nkstampedo.hr\/wp-content\/uploads\/2026\/03\/NK-Stampedo-prezentacija.pptx\" class=\"wp-block-file__button wp-element-button\" download aria-describedby=\"wp-block-file--media-a2e37dea-d030-433d-8a65-1ef0cae8f1e1\">Preuzmi<\/a><\/div>\n\n\n\n<p>U prezentaciji se nalazi pregled razvoja kluba, rada s mladim igra\u010dima te igra\u010da koji su potekli iz na\u0161e \u0161kole nogometa. Dokument je namijenjen svima koji \u017eele bolje upoznati na\u0161 klub i njegovu viziju razvoja.<\/p>\n\n\n\n<p><\/p>\n","protected":false},"excerpt":{"rendered":"<p>U prezentaciji se nalazi pregled razvoja kluba, rada s mladim igra\u010dima te igra\u010da koji su potekli iz na\u0161e \u0161kole nogometa. Dokument je namijenjen svima koji \u017eele bolje upoznati na\u0161 klub i njegovu viziju razvoja.<\/p>\n","protected":false},"author":1,"featured_media":0,"parent":0,"menu_order":0,"comment_status":"closed","ping_status":"closed","template":"","meta":{"footnotes":""},"class_list":["post-75","page","type-page","status-publish","hentry"],"_links":{"self":[{"href":"https:\/\/nkstampedo.hr\/index.php\/wp-json\/wp\/v2\/pages\/75","targetHints":{"allow":["GET"]}}],"collection":[{"href":"https:\/\/nkstampedo.hr\/index.php\/wp-json\/wp\/v2\/pages"}],"about":[{"href":"https:\/\/nkstampedo.hr\/index.php\/wp-json\/wp\/v2\/types\/page"}],"author":[{"embeddable":true,"href":"https:\/\/nkstampedo.hr\/index.php\/wp-json\/wp\/v2\/users\/1"}],"replies":[{"embeddable":true,"href":"https:\/\/nkstampedo.hr\/index.php\/wp-json\/wp\/v2\/comments?post=75"}],"version-history":[{"count":4,"href":"https:\/\/nkstampedo.hr\/index.php\/wp-json\/wp\/v2\/pages\/75\/revisions"}],"predecessor-version":[{"id":80,"href":"https:\/\/nkstampedo.hr\/index.php\/wp-json\/wp\/v2\/pages\/75\/revisions\/80"}],"wp:attachment":[{"href":"https:\/\/nkstampedo.hr\/index.php\/wp-json\/wp\/v2\/media?parent=75"}],"curies":[{"name":"wp","href":"https:\/\/api.w.org\/{rel}","templated":true}]}}